{"id":10882,"date":"2021-03-25T10:43:15","date_gmt":"2021-03-25T07:43:15","guid":{"rendered":"https:\/\/www.tigahealth.com\/?page_id=10882"},"modified":"2026-01-22T14:31:19","modified_gmt":"2026-01-22T11:31:19","slug":"gestion-de-prescripcion-y-medicamentos","status":"publish","type":"page","link":"https:\/\/www.tigahealth.com\/es\/gestion-de-prescripcion-y-medicamentos\/","title":{"rendered":"Gesti\u00f3n de Prescripci\u00f3n y Medicamentos"},"content":{"rendered":"","protected":false},"excerpt":{"rendered":"","protected":false},"author":1,"featured_media":28113,"parent":0,"menu_order":0,"comment_status":"closed","ping_status":"closed","template":"","meta":{"footnotes":""},"class_list":["post-10882","page","type-page","status-publish","has-post-thumbnail","hentry"],"yoast_head":"<!-- This site is optimized with the Yoast SEO plugin v27.5 - https:\/\/yoast.com\/product\/yoast-seo-wordpress\/ -->\n<title>Gesti\u00f3n de Prescripci\u00f3n y Medicamentos - Tiga Tecnolog\u00edas de Salud<\/title>\n<meta name=\"robots\" content=\"index, follow, max-snippet:-1, max-image-preview:large, max-video-preview:-1\" \/>\n<link rel=\"canonical\" href=\"https:\/\/www.tigahealth.com\/es\/gestion-de-prescripcion-y-medicamentos\/\" \/>\n<meta property=\"og:locale\" content=\"es_ES\" \/>\n<meta property=\"og:type\" content=\"article\" \/>\n<meta property=\"og:title\" content=\"Gesti\u00f3n de Prescripci\u00f3n y Medicamentos - Tiga Tecnolog\u00edas de Salud\" \/>\n<meta property=\"og:url\" content=\"https:\/\/www.tigahealth.com\/es\/gestion-de-prescripcion-y-medicamentos\/\" \/>\n<meta property=\"og:site_name\" content=\"Tiga Tecnolog\u00edas de Salud\" \/>\n<meta property=\"article:publisher\" content=\"https:\/\/www.facebook.com\/tigahealth\" \/>\n<meta property=\"article:modified_time\" content=\"2026-01-22T11:31:19+00:00\" \/>\n<meta property=\"og:image\" content=\"https:\/\/www.tigahealth.com\/wp-content\/uploads\/2025\/04\/Prescription-Medicine-Management-cover.jpg\" \/>\n\t<meta property=\"og:image:width\" content=\"1000\" \/>\n\t<meta property=\"og:image:height\" content=\"667\" \/>\n\t<meta property=\"og:image:type\" content=\"image\/jpeg\" \/>\n<meta name=\"twitter:card\" content=\"summary_large_image\" \/>\n<meta name=\"twitter:site\" content=\"@tigahealth\" \/>\n<script type=\"application\/ld+json\" class=\"yoast-schema-graph\">{\"@context\":\"https:\\\/\\\/schema.org\",\"@graph\":[{\"@type\":\"WebPage\",\"@id\":\"https:\\\/\\\/www.tigahealth.com\\\/es\\\/gestion-de-prescripcion-y-medicamentos\\\/\",\"url\":\"https:\\\/\\\/www.tigahealth.com\\\/es\\\/gestion-de-prescripcion-y-medicamentos\\\/\",\"name\":\"Gesti\u00f3n de Prescripci\u00f3n y Medicamentos - Tiga Tecnolog\u00edas de Salud\",\"isPartOf\":{\"@id\":\"https:\\\/\\\/www.tigahealth.com\\\/#website\"},\"primaryImageOfPage\":{\"@id\":\"https:\\\/\\\/www.tigahealth.com\\\/es\\\/gestion-de-prescripcion-y-medicamentos\\\/#primaryimage\"},\"image\":{\"@id\":\"https:\\\/\\\/www.tigahealth.com\\\/es\\\/gestion-de-prescripcion-y-medicamentos\\\/#primaryimage\"},\"thumbnailUrl\":\"https:\\\/\\\/www.tigahealth.com\\\/wp-content\\\/uploads\\\/2025\\\/04\\\/Prescription-Medicine-Management-cover.jpg\",\"datePublished\":\"2021-03-25T07:43:15+00:00\",\"dateModified\":\"2026-01-22T11:31:19+00:00\",\"breadcrumb\":{\"@id\":\"https:\\\/\\\/www.tigahealth.com\\\/es\\\/gestion-de-prescripcion-y-medicamentos\\\/#breadcrumb\"},\"inLanguage\":\"es\",\"potentialAction\":[{\"@type\":\"ReadAction\",\"target\":[\"https:\\\/\\\/www.tigahealth.com\\\/es\\\/gestion-de-prescripcion-y-medicamentos\\\/\"]}]},{\"@type\":\"ImageObject\",\"inLanguage\":\"es\",\"@id\":\"https:\\\/\\\/www.tigahealth.com\\\/es\\\/gestion-de-prescripcion-y-medicamentos\\\/#primaryimage\",\"url\":\"https:\\\/\\\/www.tigahealth.com\\\/wp-content\\\/uploads\\\/2025\\\/04\\\/Prescription-Medicine-Management-cover.jpg\",\"contentUrl\":\"https:\\\/\\\/www.tigahealth.com\\\/wp-content\\\/uploads\\\/2025\\\/04\\\/Prescription-Medicine-Management-cover.jpg\",\"width\":1000,\"height\":667},{\"@type\":\"BreadcrumbList\",\"@id\":\"https:\\\/\\\/www.tigahealth.com\\\/es\\\/gestion-de-prescripcion-y-medicamentos\\\/#breadcrumb\",\"itemListElement\":[{\"@type\":\"ListItem\",\"position\":1,\"name\":\"Home\",\"item\":\"https:\\\/\\\/www.tigahealth.com\\\/es\\\/\"},{\"@type\":\"ListItem\",\"position\":2,\"name\":\"Gesti\u00f3n de Prescripci\u00f3n y Medicamentos\"}]},{\"@type\":\"WebSite\",\"@id\":\"https:\\\/\\\/www.tigahealth.com\\\/#website\",\"url\":\"https:\\\/\\\/www.tigahealth.com\\\/\",\"name\":\"Tiga Healthcare Technologies\",\"description\":\"\u00a1Demos Forma Juntos al Futuro!\",\"publisher\":{\"@id\":\"https:\\\/\\\/www.tigahealth.com\\\/#organization\"},\"potentialAction\":[{\"@type\":\"SearchAction\",\"target\":{\"@type\":\"EntryPoint\",\"urlTemplate\":\"https:\\\/\\\/www.tigahealth.com\\\/?s={search_term_string}\"},\"query-input\":{\"@type\":\"PropertyValueSpecification\",\"valueRequired\":true,\"valueName\":\"search_term_string\"}}],\"inLanguage\":\"es\"},{\"@type\":\"Organization\",\"@id\":\"https:\\\/\\\/www.tigahealth.com\\\/#organization\",\"name\":\"Tiga Healthcare Technologies\",\"url\":\"https:\\\/\\\/www.tigahealth.com\\\/\",\"logo\":{\"@type\":\"ImageObject\",\"inLanguage\":\"es\",\"@id\":\"https:\\\/\\\/www.tigahealth.com\\\/#\\\/schema\\\/logo\\\/image\\\/\",\"url\":\"https:\\\/\\\/www.tigahealth.com\\\/wp-content\\\/uploads\\\/2024\\\/01\\\/tiga-logo1.png\",\"contentUrl\":\"https:\\\/\\\/www.tigahealth.com\\\/wp-content\\\/uploads\\\/2024\\\/01\\\/tiga-logo1.png\",\"width\":100,\"height\":51,\"caption\":\"Tiga Healthcare Technologies\"},\"image\":{\"@id\":\"https:\\\/\\\/www.tigahealth.com\\\/#\\\/schema\\\/logo\\\/image\\\/\"},\"sameAs\":[\"https:\\\/\\\/www.facebook.com\\\/tigahealth\",\"https:\\\/\\\/x.com\\\/tigahealth\",\"https:\\\/\\\/www.instagram.com\\\/tiga.health\\\/\",\"https:\\\/\\\/www.linkedin.com\\\/company\\\/tigahealth\\\/\"]}]}<\/script>\n<!-- \/ Yoast SEO plugin. -->","yoast_head_json":{"title":"Gesti\u00f3n de Prescripci\u00f3n y Medicamentos - Tiga Tecnolog\u00edas de Salud","robots":{"index":"index","follow":"follow","max-snippet":"max-snippet:-1","max-image-preview":"max-image-preview:large","max-video-preview":"max-video-preview:-1"},"canonical":"https:\/\/www.tigahealth.com\/es\/gestion-de-prescripcion-y-medicamentos\/","og_locale":"es_ES","og_type":"article","og_title":"Gesti\u00f3n de Prescripci\u00f3n y Medicamentos - Tiga Tecnolog\u00edas de Salud","og_url":"https:\/\/www.tigahealth.com\/es\/gestion-de-prescripcion-y-medicamentos\/","og_site_name":"Tiga Tecnolog\u00edas de Salud","article_publisher":"https:\/\/www.facebook.com\/tigahealth","article_modified_time":"2026-01-22T11:31:19+00:00","og_image":[{"width":1000,"height":667,"url":"https:\/\/www.tigahealth.com\/wp-content\/uploads\/2025\/04\/Prescription-Medicine-Management-cover.jpg","type":"image\/jpeg"}],"twitter_card":"summary_large_image","twitter_site":"@tigahealth","schema":{"@context":"https:\/\/schema.org","@graph":[{"@type":"WebPage","@id":"https:\/\/www.tigahealth.com\/es\/gestion-de-prescripcion-y-medicamentos\/","url":"https:\/\/www.tigahealth.com\/es\/gestion-de-prescripcion-y-medicamentos\/","name":"Gesti\u00f3n de Prescripci\u00f3n y Medicamentos - Tiga Tecnolog\u00edas de Salud","isPartOf":{"@id":"https:\/\/www.tigahealth.com\/#website"},"primaryImageOfPage":{"@id":"https:\/\/www.tigahealth.com\/es\/gestion-de-prescripcion-y-medicamentos\/#primaryimage"},"image":{"@id":"https:\/\/www.tigahealth.com\/es\/gestion-de-prescripcion-y-medicamentos\/#primaryimage"},"thumbnailUrl":"https:\/\/www.tigahealth.com\/wp-content\/uploads\/2025\/04\/Prescription-Medicine-Management-cover.jpg","datePublished":"2021-03-25T07:43:15+00:00","dateModified":"2026-01-22T11:31:19+00:00","breadcrumb":{"@id":"https:\/\/www.tigahealth.com\/es\/gestion-de-prescripcion-y-medicamentos\/#breadcrumb"},"inLanguage":"es","potentialAction":[{"@type":"ReadAction","target":["https:\/\/www.tigahealth.com\/es\/gestion-de-prescripcion-y-medicamentos\/"]}]},{"@type":"ImageObject","inLanguage":"es","@id":"https:\/\/www.tigahealth.com\/es\/gestion-de-prescripcion-y-medicamentos\/#primaryimage","url":"https:\/\/www.tigahealth.com\/wp-content\/uploads\/2025\/04\/Prescription-Medicine-Management-cover.jpg","contentUrl":"https:\/\/www.tigahealth.com\/wp-content\/uploads\/2025\/04\/Prescription-Medicine-Management-cover.jpg","width":1000,"height":667},{"@type":"BreadcrumbList","@id":"https:\/\/www.tigahealth.com\/es\/gestion-de-prescripcion-y-medicamentos\/#breadcrumb","itemListElement":[{"@type":"ListItem","position":1,"name":"Home","item":"https:\/\/www.tigahealth.com\/es\/"},{"@type":"ListItem","position":2,"name":"Gesti\u00f3n de Prescripci\u00f3n y Medicamentos"}]},{"@type":"WebSite","@id":"https:\/\/www.tigahealth.com\/#website","url":"https:\/\/www.tigahealth.com\/","name":"Tiga Healthcare Technologies","description":"\u00a1Demos Forma Juntos al Futuro!","publisher":{"@id":"https:\/\/www.tigahealth.com\/#organization"},"potentialAction":[{"@type":"SearchAction","target":{"@type":"EntryPoint","urlTemplate":"https:\/\/www.tigahealth.com\/?s={search_term_string}"},"query-input":{"@type":"PropertyValueSpecification","valueRequired":true,"valueName":"search_term_string"}}],"inLanguage":"es"},{"@type":"Organization","@id":"https:\/\/www.tigahealth.com\/#organization","name":"Tiga Healthcare Technologies","url":"https:\/\/www.tigahealth.com\/","logo":{"@type":"ImageObject","inLanguage":"es","@id":"https:\/\/www.tigahealth.com\/#\/schema\/logo\/image\/","url":"https:\/\/www.tigahealth.com\/wp-content\/uploads\/2024\/01\/tiga-logo1.png","contentUrl":"https:\/\/www.tigahealth.com\/wp-content\/uploads\/2024\/01\/tiga-logo1.png","width":100,"height":51,"caption":"Tiga Healthcare Technologies"},"image":{"@id":"https:\/\/www.tigahealth.com\/#\/schema\/logo\/image\/"},"sameAs":["https:\/\/www.facebook.com\/tigahealth","https:\/\/x.com\/tigahealth","https:\/\/www.instagram.com\/tiga.health\/","https:\/\/www.linkedin.com\/company\/tigahealth\/"]}]}},"_links":{"self":[{"href":"https:\/\/www.tigahealth.com\/es\/wp-json\/wp\/v2\/pages\/10882","targetHints":{"allow":["GET"]}}],"collection":[{"href":"https:\/\/www.tigahealth.com\/es\/wp-json\/wp\/v2\/pages"}],"about":[{"href":"https:\/\/www.tigahealth.com\/es\/wp-json\/wp\/v2\/types\/page"}],"author":[{"embeddable":true,"href":"https:\/\/www.tigahealth.com\/es\/wp-json\/wp\/v2\/users\/1"}],"replies":[{"embeddable":true,"href":"https:\/\/www.tigahealth.com\/es\/wp-json\/wp\/v2\/comments?post=10882"}],"version-history":[{"count":1,"href":"https:\/\/www.tigahealth.com\/es\/wp-json\/wp\/v2\/pages\/10882\/revisions"}],"predecessor-version":[{"id":10883,"href":"https:\/\/www.tigahealth.com\/es\/wp-json\/wp\/v2\/pages\/10882\/revisions\/10883"}],"wp:featuredmedia":[{"embeddable":true,"href":"https:\/\/www.tigahealth.com\/es\/wp-json\/wp\/v2\/media\/28113"}],"wp:attachment":[{"href":"https:\/\/www.tigahealth.com\/es\/wp-json\/wp\/v2\/media?parent=10882"}],"curies":[{"name":"wp","href":"https:\/\/api.w.org\/{rel}","templated":true}]}}