{"id":21024,"date":"2025-03-06T10:35:27","date_gmt":"2025-03-06T07:35:27","guid":{"rendered":"https:\/\/www.tigahealth.com\/?page_id=21024"},"modified":"2026-01-16T17:14:03","modified_gmt":"2026-01-16T14:14:03","slug":"exerneck","status":"publish","type":"page","link":"https:\/\/www.tigahealth.com\/tr\/ar-ge\/exerneck\/","title":{"rendered":"ExerNeck"},"content":{"rendered":"","protected":false},"excerpt":{"rendered":"","protected":false},"author":1,"featured_media":0,"parent":8085,"menu_order":0,"comment_status":"closed","ping_status":"closed","template":"","meta":{"footnotes":""},"class_list":["post-21024","page","type-page","status-publish","hentry"],"yoast_head":"<!-- This site is optimized with the Yoast SEO plugin v26.8 - https:\/\/yoast.com\/product\/yoast-seo-wordpress\/ -->\n<title>ExerNeck - Tiga Sa\u011fl\u0131k Teknolojileri<\/title>\n<meta name=\"robots\" content=\"index, follow, max-snippet:-1, max-image-preview:large, max-video-preview:-1\" \/>\n<link rel=\"canonical\" href=\"https:\/\/www.tigahealth.com\/tr\/ar-ge\/exerneck\/\" \/>\n<meta property=\"og:locale\" content=\"tr_TR\" \/>\n<meta property=\"og:type\" content=\"article\" \/>\n<meta property=\"og:title\" content=\"ExerNeck - Tiga Sa\u011fl\u0131k Teknolojileri\" \/>\n<meta property=\"og:url\" content=\"https:\/\/www.tigahealth.com\/tr\/ar-ge\/exerneck\/\" \/>\n<meta property=\"og:site_name\" content=\"Tiga Sa\u011fl\u0131k Teknolojileri\" \/>\n<meta property=\"article:publisher\" content=\"https:\/\/www.facebook.com\/tigahealth\" \/>\n<meta property=\"article:modified_time\" content=\"2026-01-16T14:14:03+00:00\" \/>\n<meta name=\"twitter:card\" content=\"summary_large_image\" \/>\n<meta name=\"twitter:site\" content=\"@tigahealth\" \/>\n<script type=\"application\/ld+json\" class=\"yoast-schema-graph\">{\"@context\":\"https:\/\/schema.org\",\"@graph\":[{\"@type\":\"WebPage\",\"@id\":\"https:\/\/www.tigahealth.com\/tr\/ar-ge\/exerneck\/\",\"url\":\"https:\/\/www.tigahealth.com\/tr\/ar-ge\/exerneck\/\",\"name\":\"ExerNeck - Tiga Sa\u011fl\u0131k Teknolojileri\",\"isPartOf\":{\"@id\":\"https:\/\/www.tigahealth.com\/#website\"},\"datePublished\":\"2025-03-06T07:35:27+00:00\",\"dateModified\":\"2026-01-16T14:14:03+00:00\",\"breadcrumb\":{\"@id\":\"https:\/\/www.tigahealth.com\/tr\/ar-ge\/exerneck\/#breadcrumb\"},\"inLanguage\":\"tr\",\"potentialAction\":[{\"@type\":\"ReadAction\",\"target\":[\"https:\/\/www.tigahealth.com\/tr\/ar-ge\/exerneck\/\"]}]},{\"@type\":\"BreadcrumbList\",\"@id\":\"https:\/\/www.tigahealth.com\/tr\/ar-ge\/exerneck\/#breadcrumb\",\"itemListElement\":[{\"@type\":\"ListItem\",\"position\":1,\"name\":\"Home\",\"item\":\"https:\/\/www.tigahealth.com\/tr\/\"},{\"@type\":\"ListItem\",\"position\":2,\"name\":\"Ara\u015ft\u0131rma ve Geli\u015ftirme\",\"item\":\"https:\/\/www.tigahealth.com\/tr\/ar-ge\/\"},{\"@type\":\"ListItem\",\"position\":3,\"name\":\"ExerNeck\"}]},{\"@type\":\"WebSite\",\"@id\":\"https:\/\/www.tigahealth.com\/#website\",\"url\":\"https:\/\/www.tigahealth.com\/\",\"name\":\"Tiga Healthcare Technologies\",\"description\":\"Gelece\u011fi Birlikte \u015eekillendirelim!\",\"publisher\":{\"@id\":\"https:\/\/www.tigahealth.com\/#organization\"},\"potentialAction\":[{\"@type\":\"SearchAction\",\"target\":{\"@type\":\"EntryPoint\",\"urlTemplate\":\"https:\/\/www.tigahealth.com\/?s={search_term_string}\"},\"query-input\":{\"@type\":\"PropertyValueSpecification\",\"valueRequired\":true,\"valueName\":\"search_term_string\"}}],\"inLanguage\":\"tr\"},{\"@type\":\"Organization\",\"@id\":\"https:\/\/www.tigahealth.com\/#organization\",\"name\":\"Tiga Healthcare Technologies\",\"url\":\"https:\/\/www.tigahealth.com\/\",\"logo\":{\"@type\":\"ImageObject\",\"inLanguage\":\"tr\",\"@id\":\"https:\/\/www.tigahealth.com\/#\/schema\/logo\/image\/\",\"url\":\"https:\/\/www.tigahealth.com\/wp-content\/uploads\/2024\/01\/tiga-logo1.png\",\"contentUrl\":\"https:\/\/www.tigahealth.com\/wp-content\/uploads\/2024\/01\/tiga-logo1.png\",\"width\":100,\"height\":51,\"caption\":\"Tiga Healthcare Technologies\"},\"image\":{\"@id\":\"https:\/\/www.tigahealth.com\/#\/schema\/logo\/image\/\"},\"sameAs\":[\"https:\/\/www.facebook.com\/tigahealth\",\"https:\/\/x.com\/tigahealth\",\"https:\/\/www.instagram.com\/tiga.health\/\",\"https:\/\/www.linkedin.com\/company\/tigahealth\/\"]}]}<\/script>\n<!-- \/ Yoast SEO plugin. -->","yoast_head_json":{"title":"ExerNeck - Tiga Sa\u011fl\u0131k Teknolojileri","robots":{"index":"index","follow":"follow","max-snippet":"max-snippet:-1","max-image-preview":"max-image-preview:large","max-video-preview":"max-video-preview:-1"},"canonical":"https:\/\/www.tigahealth.com\/tr\/ar-ge\/exerneck\/","og_locale":"tr_TR","og_type":"article","og_title":"ExerNeck - Tiga Sa\u011fl\u0131k Teknolojileri","og_url":"https:\/\/www.tigahealth.com\/tr\/ar-ge\/exerneck\/","og_site_name":"Tiga Sa\u011fl\u0131k Teknolojileri","article_publisher":"https:\/\/www.facebook.com\/tigahealth","article_modified_time":"2026-01-16T14:14:03+00:00","twitter_card":"summary_large_image","twitter_site":"@tigahealth","schema":{"@context":"https:\/\/schema.org","@graph":[{"@type":"WebPage","@id":"https:\/\/www.tigahealth.com\/tr\/ar-ge\/exerneck\/","url":"https:\/\/www.tigahealth.com\/tr\/ar-ge\/exerneck\/","name":"ExerNeck - Tiga Sa\u011fl\u0131k Teknolojileri","isPartOf":{"@id":"https:\/\/www.tigahealth.com\/#website"},"datePublished":"2025-03-06T07:35:27+00:00","dateModified":"2026-01-16T14:14:03+00:00","breadcrumb":{"@id":"https:\/\/www.tigahealth.com\/tr\/ar-ge\/exerneck\/#breadcrumb"},"inLanguage":"tr","potentialAction":[{"@type":"ReadAction","target":["https:\/\/www.tigahealth.com\/tr\/ar-ge\/exerneck\/"]}]},{"@type":"BreadcrumbList","@id":"https:\/\/www.tigahealth.com\/tr\/ar-ge\/exerneck\/#breadcrumb","itemListElement":[{"@type":"ListItem","position":1,"name":"Home","item":"https:\/\/www.tigahealth.com\/tr\/"},{"@type":"ListItem","position":2,"name":"Ara\u015ft\u0131rma ve Geli\u015ftirme","item":"https:\/\/www.tigahealth.com\/tr\/ar-ge\/"},{"@type":"ListItem","position":3,"name":"ExerNeck"}]},{"@type":"WebSite","@id":"https:\/\/www.tigahealth.com\/#website","url":"https:\/\/www.tigahealth.com\/","name":"Tiga Healthcare Technologies","description":"Gelece\u011fi Birlikte \u015eekillendirelim!","publisher":{"@id":"https:\/\/www.tigahealth.com\/#organization"},"potentialAction":[{"@type":"SearchAction","target":{"@type":"EntryPoint","urlTemplate":"https:\/\/www.tigahealth.com\/?s={search_term_string}"},"query-input":{"@type":"PropertyValueSpecification","valueRequired":true,"valueName":"search_term_string"}}],"inLanguage":"tr"},{"@type":"Organization","@id":"https:\/\/www.tigahealth.com\/#organization","name":"Tiga Healthcare Technologies","url":"https:\/\/www.tigahealth.com\/","logo":{"@type":"ImageObject","inLanguage":"tr","@id":"https:\/\/www.tigahealth.com\/#\/schema\/logo\/image\/","url":"https:\/\/www.tigahealth.com\/wp-content\/uploads\/2024\/01\/tiga-logo1.png","contentUrl":"https:\/\/www.tigahealth.com\/wp-content\/uploads\/2024\/01\/tiga-logo1.png","width":100,"height":51,"caption":"Tiga Healthcare Technologies"},"image":{"@id":"https:\/\/www.tigahealth.com\/#\/schema\/logo\/image\/"},"sameAs":["https:\/\/www.facebook.com\/tigahealth","https:\/\/x.com\/tigahealth","https:\/\/www.instagram.com\/tiga.health\/","https:\/\/www.linkedin.com\/company\/tigahealth\/"]}]}},"_links":{"self":[{"href":"https:\/\/www.tigahealth.com\/tr\/wp-json\/wp\/v2\/pages\/21024","targetHints":{"allow":["GET"]}}],"collection":[{"href":"https:\/\/www.tigahealth.com\/tr\/wp-json\/wp\/v2\/pages"}],"about":[{"href":"https:\/\/www.tigahealth.com\/tr\/wp-json\/wp\/v2\/types\/page"}],"author":[{"embeddable":true,"href":"https:\/\/www.tigahealth.com\/tr\/wp-json\/wp\/v2\/users\/1"}],"replies":[{"embeddable":true,"href":"https:\/\/www.tigahealth.com\/tr\/wp-json\/wp\/v2\/comments?post=21024"}],"version-history":[{"count":3,"href":"https:\/\/www.tigahealth.com\/tr\/wp-json\/wp\/v2\/pages\/21024\/revisions"}],"predecessor-version":[{"id":21029,"href":"https:\/\/www.tigahealth.com\/tr\/wp-json\/wp\/v2\/pages\/21024\/revisions\/21029"}],"up":[{"embeddable":true,"href":"https:\/\/www.tigahealth.com\/tr\/wp-json\/wp\/v2\/pages\/8085"}],"wp:attachment":[{"href":"https:\/\/www.tigahealth.com\/tr\/wp-json\/wp\/v2\/media?parent=21024"}],"curies":[{"name":"wp","href":"https:\/\/api.w.org\/{rel}","templated":true}]}}